{"id":5989,"date":"2025-12-30T17:48:55","date_gmt":"2025-12-30T16:48:55","guid":{"rendered":"https:\/\/www.groupegruau.com\/industrial-services\/"},"modified":"2026-02-24T15:57:49","modified_gmt":"2026-02-24T14:57:49","slug":"industrial-services","status":"publish","type":"page","link":"https:\/\/www.groupegruau.com\/en\/industrial-services\/","title":{"rendered":"Industrial Services"},"content":{"rendered":"<section id=\"\" data-block-id=\"block_a87b07dd15a338fb3c1d2884a12ec17c\" class=\"contenu-riche-block bloc-contenu-riche\">\n    <div class=\"container\">\n                <div class=\"content position-right\">\n            <div class=\"wrapper wrapper-image lg:order-1 \">\n                <a href=\"https:\/\/www.groupegruau.com\/app\/uploads\/2026\/01\/2023-Ligne-de-Production-Securite-FMO-VME.webp\" class=\"glightbox\" data-gallery=\"galerie-block_a87b07dd15a338fb3c1d2884a12ec17c\">\n                    <img decoding=\"async\" src=\"https:\/\/www.groupegruau.com\/app\/uploads\/2026\/01\/2023-Ligne-de-Production-Securite-FMO-VME-789x527.webp\"\n                         class=\"image\"\n                         alt=\"Ligne de Production Gruau\">\n                <\/a>\n                <p class=\"legend\">\n                                                        <\/p>\n            <\/div>\n            <div class=\"wrapper wrapper-text lg:order-2\">\n                                    <p class=\"tagline\">Industrial expertise since 1889<\/p>\n                                <h3 class=\"heading-3 text-archives-brand-bleu-marine\">Gruau, an industrial partner with 137 years of experience<\/h3>\n<p>As a multi-specialist manufacturer and bodybuilder, the Gruau Group <strong>applies its industrial expertise to a wide range of projects<\/strong>, through subcontracting or partnerships. We work on all types of commercial vehicles, from specialized vehicles to custom solutions for transporting people, goods, or merchandise.<\/p>\n<p>Thanks to our expertise in <strong>development, integration, and conversion<\/strong>, <strong>we carry out complex operations<\/strong>, such as retrofitting combustion engine vehicles to electric or designing custom solutions for any commercial mobility sector. Our industrial services combine responsiveness, rigor, and adaptability to support innovative projects while ensuring the quality and reliability that define Gruau standards.<\/p>\n                                            <\/div>\n        <\/div>\n                <\/div>\n<\/section>\n<section id=\"\" data-block-id=\"block_c21960d4d482a4bc31b8afbd3009c017\" class=\"mosaique-block bloc-mosaique\">\n    <div class=\"container\">\n        <div class=\"wrapper grid gap-4\n                            grid-cols-1 md:grid-cols-1 lg:grid-cols-3\n            \">\n            <div class=\"grid1 grid gap-4 \">\n                <a href=\"https:\/\/www.groupegruau.com\/app\/uploads\/2025\/12\/Produits-constructeurs-prestation-industrielle-Gruau.webp\" class=\"glightbox h-[258px]\" data-gallery=\"galerie-block_c21960d4d482a4bc31b8afbd3009c017\">\n                    <img decoding=\"async\" src=\"https:\/\/www.groupegruau.com\/app\/uploads\/2025\/12\/Produits-constructeurs-prestation-industrielle-Gruau-1300x738.webp\" alt=\"Produits constructeurs - prestation industrielle Gruau\"\n                         class=\"image\"\/>\n                <\/a>\n                <a href=\"https:\/\/www.groupegruau.com\/app\/uploads\/2025\/12\/Prestation-industrielle-ligne-de-production.webp\" class=\"glightbox h-[258px]\" data-gallery=\"galerie-block_c21960d4d482a4bc31b8afbd3009c017\">\n                    <img decoding=\"async\" src=\"https:\/\/www.groupegruau.com\/app\/uploads\/2025\/12\/Prestation-industrielle-ligne-de-production.webp\" alt=\"Prestation industrielle - ligne de production\"\n                         class=\"image\"\/>\n                <\/a>\n            <\/div>\n                            <div class=\"grid\">\n                    <a href=\"https:\/\/www.groupegruau.com\/app\/uploads\/2025\/12\/Ligne-peinture-poudre-prestation-industrielle-Gruau.webp\" class=\"glightbox h-[532px]\" data-gallery=\"galerie-block_c21960d4d482a4bc31b8afbd3009c017\">\n                        <img decoding=\"async\" src=\"https:\/\/www.groupegruau.com\/app\/uploads\/2025\/12\/Ligne-peinture-poudre-prestation-industrielle-Gruau.webp\" alt=\"Ligne peinture poudre - prestation industrielle Gruau\"\n                             class=\"image h-[100%]\"\/>\n                    <\/a>\n                <\/div>\n                        <div class=\"grid2 grid gap-4 \">\n                <a href=\"https:\/\/www.groupegruau.com\/app\/uploads\/2025\/12\/Prestation-Industrielle-Gruau.webp\" class=\"glightbox h-[258px]\" data-gallery=\"galerie-block_c21960d4d482a4bc31b8afbd3009c017\">\n                <img decoding=\"async\" src=\"https:\/\/www.groupegruau.com\/app\/uploads\/2025\/12\/Prestation-Industrielle-Gruau-1107x738.webp\" alt=\"Gruau Industrial Services\"\n                     class=\"image\"\/>\n                <\/a>\n                <a href=\"https:\/\/www.groupegruau.com\/app\/uploads\/2025\/12\/prestation-industrielle-Gruau-ligne-de-production-vehicules-securite.webp\" class=\"glightbox h-[258px]\" data-gallery=\"galerie-block_c21960d4d482a4bc31b8afbd3009c017\">\n                    <img decoding=\"async\" src=\"https:\/\/www.groupegruau.com\/app\/uploads\/2025\/12\/prestation-industrielle-Gruau-ligne-de-production-vehicules-securite.webp\" alt=\"prestation industrielle Gruau - ligne de production v\u00e9hicules s\u00e9curit\u00e9\"\n                         class=\"image\"\/>\n                <\/a>\n            <\/div>\n        <\/div>\n    <\/div>\n<\/section>\n","protected":false},"excerpt":{"rendered":"","protected":false},"author":7,"featured_media":5992,"parent":0,"menu_order":0,"comment_status":"closed","ping_status":"closed","template":"","meta":{"_acf_changed":false,"footnotes":""},"class_list":["post-5989","page","type-page","status-publish","has-post-thumbnail","hentry"],"acf":{"mini_description":"Services"},"_links":{"self":[{"href":"https:\/\/www.groupegruau.com\/en\/wp-json\/wp\/v2\/pages\/5989","targetHints":{"allow":["GET"]}}],"collection":[{"href":"https:\/\/www.groupegruau.com\/en\/wp-json\/wp\/v2\/pages"}],"about":[{"href":"https:\/\/www.groupegruau.com\/en\/wp-json\/wp\/v2\/types\/page"}],"author":[{"embeddable":true,"href":"https:\/\/www.groupegruau.com\/en\/wp-json\/wp\/v2\/users\/7"}],"replies":[{"embeddable":true,"href":"https:\/\/www.groupegruau.com\/en\/wp-json\/wp\/v2\/comments?post=5989"}],"version-history":[{"count":2,"href":"https:\/\/www.groupegruau.com\/en\/wp-json\/wp\/v2\/pages\/5989\/revisions"}],"predecessor-version":[{"id":5998,"href":"https:\/\/www.groupegruau.com\/en\/wp-json\/wp\/v2\/pages\/5989\/revisions\/5998"}],"wp:featuredmedia":[{"embeddable":true,"href":"https:\/\/www.groupegruau.com\/en\/wp-json\/wp\/v2\/media\/5992"}],"wp:attachment":[{"href":"https:\/\/www.groupegruau.com\/en\/wp-json\/wp\/v2\/media?parent=5989"}],"curies":[{"name":"wp","href":"https:\/\/api.w.org\/{rel}","templated":true}]}}